{"id":21157,"date":"2015-05-21T10:55:43","date_gmt":"2015-05-21T10:55:43","guid":{"rendered":"https:\/\/alberta.barcelona\/?page_id=21157"},"modified":"2021-07-26T09:27:26","modified_gmt":"2021-07-26T09:27:26","slug":"nota-legal","status":"publish","type":"page","link":"https:\/\/alberta.barcelona\/ca\/nota-legal\/","title":{"rendered":"Nota legal"},"content":{"rendered":"<p>El presente aviso legal (en adelante, el &#8220;Aviso Legal&#8221;) regula el uso del servicio del portal de Internet https:\/\/alberta.barcelona (en adelante, el &#8220;Web&#8221;) de ALICIA DE QUADRAS GALOFR\u00c9 con domicilio social en PASSATGE BORRELL, 8 BAIXOS, BARCELONA, 08005, BARCELONA con CIF 46128043W.<\/p>\n<p>Legislaci\u00f3n<\/p>\n<p>Con car\u00e1cter general las relaciones entre ALICIA DE QUADRAS GALOFR\u00c9 con los Usuarios de sus servicios telem\u00e1ticos, presentes en la web, se encuentran sometidas a la legislaci\u00f3n y jurisdicci\u00f3n espa\u00f1olas.<\/p>\n<p>Las partes renuncian expresamente al fuero que les pudiera corresponder y someten expresamente a los Juzgados y Tribunales de BARCELONA para resolver cualquier controversia que pueda surgir en la interpretaci\u00f3n o ejecuci\u00f3n de las presentes condiciones contractuales.<\/p>\n<p>Contenido y uso<\/p>\n<p>El Usuario queda informado, y acepta, que el acceso a la presente web no supone, en modo alguno, el inicio de una relaci\u00f3n comercial con ALICIA DE QUADRAS GALOFR\u00c9.<\/p>\n<p>El titular del web no se identifica con las opiniones vertidas en el mismo por sus colaboradores. La Empresa se reserva el derecho de efectuar sin previo aviso las modificaciones que considere oportunas en su Web, pudiendo cambiar, suprimir o a\u00f1adir tanto los contenidos y servicios que se presten a trav\u00e9s de la misma como la forma en la que \u00e9stos aparezcan presentados o localizados en sus servidores.<\/p>\n<p>Propiedad intelectual e industrial<\/p>\n<p>Los derechos de propiedad intelectual del contenido de las p\u00e1ginas web, su dise\u00f1o gr\u00e1fico y c\u00f3digos son titularidad de ALICIA DE QUADRAS GALOFR\u00c9 y, por tanto, queda prohibida su reproducci\u00f3n, distribuci\u00f3n, comunicaci\u00f3n p\u00fablica, transformaci\u00f3n o cualquier otra actividad que se pueda realizar con los contenidos de sus p\u00e1ginas web ni aun citando las fuentes, salvo consentimiento por escrito de ALICIA DE QUADRAS GALOFR\u00c9. Todos los nombres comerciales, marcas o signos distintos de cualquier clase contenidos en las p\u00e1ginas web de la Empresa son propiedad de sus due\u00f1os y est\u00e1n protegidos por ley.<\/p>\n<p>Enlaces (Links)<\/p>\n<p>La presencia de enlaces (links) en las p\u00e1ginas web de ALICIA DE QUADRAS GALOFR\u00c9 tiene finalidad meramente informativa y en ning\u00fan caso supone sugerencia, invitaci\u00f3n o recomendaci\u00f3n sobre los mismos.<\/p>\n<p>Confidencialidad y Protecci\u00f3n de Datos<\/p>\n<p>A efecto de lo previsto en RGPD de 27 de abril de 2016, ALICIA DE QUADRAS GALOFR\u00c9 informa al Usuario de la existencia de un tratamiento automatizado de datos de car\u00e1cter personal creado por y para ALICIA DE QUADRAS GALOFR\u00c9 y bajo su responsabilidad, con la finalidad de realizar el mantenimiento y gesti\u00f3n de la relaci\u00f3n con el Usuario, as\u00ed como las labores de informaci\u00f3n. En el momento de la aceptaci\u00f3n de las presentes condiciones generales, ALICIA DE QUADRAS GALOFR\u00c9 precisar\u00e1 del Usuario la recogida de unos datos imprescindibles para la prestaci\u00f3n de sus servicios.<\/p>\n<p>Registro de ficheros y formularios<\/p>\n<p>La cumplimentaci\u00f3n del formulario de registro es obligatoria para acceder y disfrutar de determinados servicios ofrecidos en la web. El no facilitar los datos personales solicitados o el no aceptar la presente pol\u00edtica de protecci\u00f3n de datos supone la imposibilidad de suscribirse, registrarse o participar en cualquiera de las promociones en las que se soliciten datos car\u00e1cter personal.<\/p>\n<p>A efecto de lo previsto en RGPD de 27 de abril de 2016, le informamos que los datos personales que se obtengan como consecuencia de su registro como Usuario, ser\u00e1n incorporados a un fichero titularidad de ALICIA DE QUADRAS GALOFR\u00c9 con C.I.F 46128043W y domicilio en PASSATGE BORRELL, 8 BAIXOS, BARCELONA, 08005, BARCELONA, teniendo implementadas las medidas de seguridad establecidas en el Real Decreto 1720\/2007, de 11 de junio.<\/p>\n<p>Exactitud y veracidad de los datos facilitados<\/p>\n<p>El Usuario es el \u00fanico responsable de la veracidad y correcci\u00f3n de los datos incluidos, exoner\u00e1ndose ALICIA DE QUADRAS GALOFR\u00c9 de cualquier responsabilidad al respecto. Los usuarios garantizan y responden, en cualquier caso, de la exactitud, vigencia y autenticidad de los datos personales facilitados, y se comprometen a mantenerlos debidamente actualizados. El usuario acepta proporcionar informaci\u00f3n completa y correcta en el formulario de registro o suscripci\u00f3n. ALICIA DE QUADRAS GALOFR\u00c9 no responde de la veracidad de las informaciones que no sean de elaboraci\u00f3n propia y de las que se indique otra fuente, por lo que tampoco asume responsabilidad alguna en cuanto a hipot\u00e9ticos perjuicios que pudieran originarse por el uso de dicha informaci\u00f3n. ALICIA DE QUADRAS GALOFR\u00c9 se reserva el derecho a actualizar, modificar o eliminar la informaci\u00f3n contenida en sus p\u00e1ginas web pudiendo incluso limitar o no permitir el acceso a dicha informaci\u00f3n. Se exonera a ALICIA DE QUADRAS GALOFR\u00c9 de responsabilidad ante cualquier da\u00f1o o perjuicio que pudiera sufrir el Usuario como consecuencia de errores, defectos u omisiones, en la informaci\u00f3n facilitada por ALICIA DE QUADRAS GALOFR\u00c9 siempre que proceda de fuentes ajenas a ALICIA DE QUADRAS GALOFR\u00c9.<\/p>\n<p>Cookies<\/p>\n<p>El sitio https:\/\/alberta.barcelona no utiliza cookies, considerando tales ficheros f\u00edsicos de informaci\u00f3n alojados en el propio terminal del usuario y sirven para facilitar la navegaci\u00f3n del usuario por el portal. De todas formas, el usuario tiene la posibilidad de configurar el navegador de tal modo que impida la instalaci\u00f3n de estos archivos.<\/p>\n<p>Finalidades<\/p>\n<p>Las finalidades de https:\/\/alberta.barcelona son el mantenimiento y gesti\u00f3n de la relaci\u00f3n con el Usuario, as\u00ed como las labores de informaci\u00f3n.<\/p>\n<p>Menores de edad<\/p>\n<p>En el supuesto que algunos de nuestros servicios vayan dirigidos espec\u00edficamente a menores de edad, ALICIA DE QUADRAS GALOFR\u00c9 solicitar\u00e1 la conformidad de los padres o tutores para la recogida de los datos personales o, en su caso, para el tratamiento automatizado de los datos.<\/p>\n<p>Cesi\u00f3n de datos a terceros<\/p>\n<p>ALICIA DE QUADRAS GALOFR\u00c9 no realizar\u00e1 cesi\u00f3n de datos de los usuarios a terceros.<\/p>\n<p>Ejercicio de derechos de acceso, rectificaci\u00f3n, cancelaci\u00f3n y oposici\u00f3n<\/p>\n<p>Podr\u00e1 dirigir sus comunicaciones y ejercitar los derechos de acceso, rectificaci\u00f3n, supresi\u00f3n, limitaci\u00f3n, portabilidad y oposici\u00f3n en la direcci\u00f3n de Internet a https:\/\/alberta.barcelona o bien por correo ordinario dirigido a ALICIA DE QUADRAS GALOFR\u00c9, Ref. RGPD, en PASSATGE BORRELL, 8 BAIXOS, BARCELONA, 08005, BARCELONA. Para ejercer dichos derechos es necesario que usted acredite su personalidad frente a ALICIA DE QUADRAS GALOFR\u00c9 mediante el env\u00edo de fotocopia de Documento Nacional de Identidad o cualquier otro medio v\u00e1lido en Derecho. No obstante, la modificaci\u00f3n o rectificaci\u00f3n de sus datos de registro se podr\u00e1 realizar en el propio Site identific\u00e1ndose, previamente, con su usuario y contrase\u00f1a.<\/p>\n<p>Medidas de seguridad<\/p>\n<p>ALICIA DE QUADRAS GALOFR\u00c9 ha adoptado los niveles de seguridad de protecci\u00f3n de los Datos Personales legalmente requeridos, y procuran instalar aquellos otros medios y medidas t\u00e9cnicas adicionales a su alcance para evitar la p\u00e9rdida, mal uso, alteraci\u00f3n, acceso no autorizado y robo de los Datos Personales facilitados a ALICIA DE QUADRAS GALOFR\u00c9 no ser\u00e1 responsable de posibles da\u00f1os o perjuicios que se pudieran derivar de interferencias, omisiones, interrupciones, virus inform\u00e1ticos, aver\u00edas telef\u00f3nicas o desconexiones en el funcionamiento operativo de este sistema electr\u00f3nico, motivadas por causas ajenas a ALICIA DE QUADRAS GALOFR\u00c9; de retrasos o bloqueos en el uso del presente sistema electr\u00f3nico causados por deficiencias o sobrecargas de l\u00edneas telef\u00f3nicas o sobrecargas en el Centro de Procesos de Datos, en el sistema de Internet o en otros sistemas electr\u00f3nicos, as\u00ed como de da\u00f1os que puedan ser causados por terceras personas mediante intromisiones ileg\u00edtimas fuera del control de ALICIA DE QUADRAS GALOFR\u00c9. Ello, no obstante, el Usuario debe ser consciente de que las medidas de seguridad en Internet no son inexpugnables.<\/p>\n<p>Aceptaci\u00f3n y consentimiento<\/p>\n<p>El usuario declara haber sido informado de las condiciones sobre protecci\u00f3n de datos personales, aceptando y consintiendo el tratamiento automatizado de los mismos por parte de ALICIA DE QUADRAS GALOFR\u00c9, en la forma y para las finalidades indicadas en la presente Pol\u00edtica de Protecci\u00f3n de Datos Personales. Ciertos servicios prestados en el Portal pueden contener condiciones particulares con previsiones espec\u00edficas en materia de protecci\u00f3n de Datos Personales.<\/p>\n","protected":false},"excerpt":{"rendered":"<p>El presente aviso legal (en adelante, el &#8220;Aviso Legal&#8221;) regula el uso del servicio del portal de Internet https:\/\/alberta.barcelona (en adelante, el &#8220;Web&#8221;) de ALICIA DE QUADRAS GALOFR\u00c9 con domicilio social en PASSATGE BORRELL, 8 BAIXOS, BARCELONA, 08005, BARCELONA con CIF 46128043W. Legislaci\u00f3n Con car\u00e1cter general las relaciones entre ALICIA DE QUADRAS GALOFR\u00c9 con los&#8230;  <a class=\"excerpt-read-more\" href=\"https:\/\/alberta.barcelona\/ca\/nota-legal\/\" title=\"Read Nota legal\">Read more &raquo;<\/a><\/p>\n","protected":false},"author":1,"featured_media":0,"parent":0,"menu_order":8,"comment_status":"closed","ping_status":"closed","template":"","meta":{"footnotes":""},"class_list":["post-21157","page","type-page","status-publish","hentry"],"yoast_head":"<!-- This site is optimized with the Yoast SEO plugin v27.3 - https:\/\/yoast.com\/product\/yoast-seo-wordpress\/ -->\n<title>Nota legal - alberta.barcelona<\/title>\n<meta name=\"robots\" content=\"noindex, nofollow\" \/>\n<meta property=\"og:locale\" content=\"ca_ES\" \/>\n<meta property=\"og:type\" content=\"article\" \/>\n<meta property=\"og:title\" content=\"Nota legal - alberta.barcelona\" \/>\n<meta property=\"og:description\" content=\"El presente aviso legal (en adelante, el &#8220;Aviso Legal&#8221;) regula el uso del servicio del portal de Internet https:\/\/alberta.barcelona (en adelante, el &#8220;Web&#8221;) de ALICIA DE QUADRAS GALOFR\u00c9 con domicilio social en PASSATGE BORRELL, 8 BAIXOS, BARCELONA, 08005, BARCELONA con CIF 46128043W. Legislaci\u00f3n Con car\u00e1cter general las relaciones entre ALICIA DE QUADRAS GALOFR\u00c9 con los... Read more &raquo;\" \/>\n<meta property=\"og:url\" content=\"https:\/\/alberta.barcelona\/ca\/nota-legal\/\" \/>\n<meta property=\"og:site_name\" content=\"alberta.barcelona\" \/>\n<meta property=\"article:modified_time\" content=\"2021-07-26T09:27:26+00:00\" \/>\n<meta property=\"og:image\" content=\"https:\/\/alberta.barcelona\/wp-content\/uploads\/2021\/10\/logo_alberta_barcelona.png\" \/>\n\t<meta property=\"og:image:width\" content=\"3508\" \/>\n\t<meta property=\"og:image:height\" content=\"1950\" \/>\n\t<meta property=\"og:image:type\" content=\"image\/png\" \/>\n<meta name=\"twitter:label1\" content=\"Temps estimat de lectura\" \/>\n\t<meta name=\"twitter:data1\" content=\"6 minuts\" \/>\n<script type=\"application\/ld+json\" class=\"yoast-schema-graph\">{\"@context\":\"https:\\\/\\\/schema.org\",\"@graph\":[{\"@type\":\"WebPage\",\"@id\":\"https:\\\/\\\/alberta.barcelona\\\/ca\\\/nota-legal\\\/\",\"url\":\"https:\\\/\\\/alberta.barcelona\\\/ca\\\/nota-legal\\\/\",\"name\":\"Nota legal - alberta.barcelona\",\"isPartOf\":{\"@id\":\"https:\\\/\\\/alberta.barcelona\\\/ca\\\/#website\"},\"datePublished\":\"2015-05-21T10:55:43+00:00\",\"dateModified\":\"2021-07-26T09:27:26+00:00\",\"breadcrumb\":{\"@id\":\"https:\\\/\\\/alberta.barcelona\\\/ca\\\/nota-legal\\\/#breadcrumb\"},\"inLanguage\":\"ca\",\"potentialAction\":[{\"@type\":\"ReadAction\",\"target\":[\"https:\\\/\\\/alberta.barcelona\\\/ca\\\/nota-legal\\\/\"]}]},{\"@type\":\"BreadcrumbList\",\"@id\":\"https:\\\/\\\/alberta.barcelona\\\/ca\\\/nota-legal\\\/#breadcrumb\",\"itemListElement\":[{\"@type\":\"ListItem\",\"position\":1,\"name\":\"Inici\",\"item\":\"https:\\\/\\\/alberta.barcelona\\\/ca\\\/\"},{\"@type\":\"ListItem\",\"position\":2,\"name\":\"Nota legal\"}]},{\"@type\":\"WebSite\",\"@id\":\"https:\\\/\\\/alberta.barcelona\\\/ca\\\/#website\",\"url\":\"https:\\\/\\\/alberta.barcelona\\\/ca\\\/\",\"name\":\"alberta.barcelona\",\"description\":\"Disseny i tecnologia al servei de les idees\",\"publisher\":{\"@id\":\"https:\\\/\\\/alberta.barcelona\\\/ca\\\/#organization\"},\"potentialAction\":[{\"@type\":\"SearchAction\",\"target\":{\"@type\":\"EntryPoint\",\"urlTemplate\":\"https:\\\/\\\/alberta.barcelona\\\/ca\\\/?s={search_term_string}\"},\"query-input\":{\"@type\":\"PropertyValueSpecification\",\"valueRequired\":true,\"valueName\":\"search_term_string\"}}],\"inLanguage\":\"ca\"},{\"@type\":\"Organization\",\"@id\":\"https:\\\/\\\/alberta.barcelona\\\/ca\\\/#organization\",\"name\":\"alberta.barcelona\",\"url\":\"https:\\\/\\\/alberta.barcelona\\\/ca\\\/\",\"logo\":{\"@type\":\"ImageObject\",\"inLanguage\":\"ca\",\"@id\":\"https:\\\/\\\/alberta.barcelona\\\/ca\\\/#\\\/schema\\\/logo\\\/image\\\/\",\"url\":\"https:\\\/\\\/alberta.barcelona\\\/wp-content\\\/uploads\\\/2021\\\/10\\\/logo_alberta_barcelona.png\",\"contentUrl\":\"https:\\\/\\\/alberta.barcelona\\\/wp-content\\\/uploads\\\/2021\\\/10\\\/logo_alberta_barcelona.png\",\"width\":3508,\"height\":1950,\"caption\":\"alberta.barcelona\"},\"image\":{\"@id\":\"https:\\\/\\\/alberta.barcelona\\\/ca\\\/#\\\/schema\\\/logo\\\/image\\\/\"}}]}<\/script>\n<!-- \/ Yoast SEO plugin. -->","yoast_head_json":{"title":"Nota legal - alberta.barcelona","robots":{"index":"noindex","follow":"nofollow"},"og_locale":"ca_ES","og_type":"article","og_title":"Nota legal - alberta.barcelona","og_description":"El presente aviso legal (en adelante, el &#8220;Aviso Legal&#8221;) regula el uso del servicio del portal de Internet https:\/\/alberta.barcelona (en adelante, el &#8220;Web&#8221;) de ALICIA DE QUADRAS GALOFR\u00c9 con domicilio social en PASSATGE BORRELL, 8 BAIXOS, BARCELONA, 08005, BARCELONA con CIF 46128043W. Legislaci\u00f3n Con car\u00e1cter general las relaciones entre ALICIA DE QUADRAS GALOFR\u00c9 con los... Read more &raquo;","og_url":"https:\/\/alberta.barcelona\/ca\/nota-legal\/","og_site_name":"alberta.barcelona","article_modified_time":"2021-07-26T09:27:26+00:00","og_image":[{"width":3508,"height":1950,"url":"https:\/\/alberta.barcelona\/wp-content\/uploads\/2021\/10\/logo_alberta_barcelona.png","type":"image\/png"}],"twitter_misc":{"Temps estimat de lectura":"6 minuts"},"schema":{"@context":"https:\/\/schema.org","@graph":[{"@type":"WebPage","@id":"https:\/\/alberta.barcelona\/ca\/nota-legal\/","url":"https:\/\/alberta.barcelona\/ca\/nota-legal\/","name":"Nota legal - alberta.barcelona","isPartOf":{"@id":"https:\/\/alberta.barcelona\/ca\/#website"},"datePublished":"2015-05-21T10:55:43+00:00","dateModified":"2021-07-26T09:27:26+00:00","breadcrumb":{"@id":"https:\/\/alberta.barcelona\/ca\/nota-legal\/#breadcrumb"},"inLanguage":"ca","potentialAction":[{"@type":"ReadAction","target":["https:\/\/alberta.barcelona\/ca\/nota-legal\/"]}]},{"@type":"BreadcrumbList","@id":"https:\/\/alberta.barcelona\/ca\/nota-legal\/#breadcrumb","itemListElement":[{"@type":"ListItem","position":1,"name":"Inici","item":"https:\/\/alberta.barcelona\/ca\/"},{"@type":"ListItem","position":2,"name":"Nota legal"}]},{"@type":"WebSite","@id":"https:\/\/alberta.barcelona\/ca\/#website","url":"https:\/\/alberta.barcelona\/ca\/","name":"alberta.barcelona","description":"Disseny i tecnologia al servei de les idees","publisher":{"@id":"https:\/\/alberta.barcelona\/ca\/#organization"},"potentialAction":[{"@type":"SearchAction","target":{"@type":"EntryPoint","urlTemplate":"https:\/\/alberta.barcelona\/ca\/?s={search_term_string}"},"query-input":{"@type":"PropertyValueSpecification","valueRequired":true,"valueName":"search_term_string"}}],"inLanguage":"ca"},{"@type":"Organization","@id":"https:\/\/alberta.barcelona\/ca\/#organization","name":"alberta.barcelona","url":"https:\/\/alberta.barcelona\/ca\/","logo":{"@type":"ImageObject","inLanguage":"ca","@id":"https:\/\/alberta.barcelona\/ca\/#\/schema\/logo\/image\/","url":"https:\/\/alberta.barcelona\/wp-content\/uploads\/2021\/10\/logo_alberta_barcelona.png","contentUrl":"https:\/\/alberta.barcelona\/wp-content\/uploads\/2021\/10\/logo_alberta_barcelona.png","width":3508,"height":1950,"caption":"alberta.barcelona"},"image":{"@id":"https:\/\/alberta.barcelona\/ca\/#\/schema\/logo\/image\/"}}]}},"_links":{"self":[{"href":"https:\/\/alberta.barcelona\/ca\/wp-json\/wp\/v2\/pages\/21157","targetHints":{"allow":["GET"]}}],"collection":[{"href":"https:\/\/alberta.barcelona\/ca\/wp-json\/wp\/v2\/pages"}],"about":[{"href":"https:\/\/alberta.barcelona\/ca\/wp-json\/wp\/v2\/types\/page"}],"author":[{"embeddable":true,"href":"https:\/\/alberta.barcelona\/ca\/wp-json\/wp\/v2\/users\/1"}],"replies":[{"embeddable":true,"href":"https:\/\/alberta.barcelona\/ca\/wp-json\/wp\/v2\/comments?post=21157"}],"version-history":[{"count":4,"href":"https:\/\/alberta.barcelona\/ca\/wp-json\/wp\/v2\/pages\/21157\/revisions"}],"predecessor-version":[{"id":23637,"href":"https:\/\/alberta.barcelona\/ca\/wp-json\/wp\/v2\/pages\/21157\/revisions\/23637"}],"wp:attachment":[{"href":"https:\/\/alberta.barcelona\/ca\/wp-json\/wp\/v2\/media?parent=21157"}],"curies":[{"name":"wp","href":"https:\/\/api.w.org\/{rel}","templated":true}]}}